{"id":15890,"date":"2023-09-25T14:34:25","date_gmt":"2023-09-25T12:34:25","guid":{"rendered":"https:\/\/www.immo-pade.at\/?page_id=15890"},"modified":"2023-12-18T12:32:32","modified_gmt":"2023-12-18T11:32:32","slug":"nebenkostenuebersicht-2","status":"publish","type":"page","link":"https:\/\/www.immo-pade.at\/?page_id=15890","title":{"rendered":"Formulare"},"content":{"rendered":"\r\n<p>Hier finden Sie die \u00dcbersicht der Nebenkosten:<\/p>\r\n<p>F\u00fcr den Immobilienkauf <a href=\"https:\/\/www.immo-pade.at\/wp-content\/uploads\/2023\/12\/28092023Makler_Form_13K_2023_pdf.beschr-1.pdf\" target=\"_blank\" rel=\"noopener\">&gt;hier klicken&lt;<\/a><\/p>\r\n<p>F\u00fcr die Immobilienmiete oder -pacht <a href=\"https:\/\/www.immo-pade.at\/wp-content\/uploads\/2023\/12\/28092023Makler_Form_13M_2023_pdf_beschr.pdf\" target=\"_blank\" rel=\"noopener\">&gt;hier klicken&lt;<\/a><\/p>\r\n<p>&nbsp;<\/p>\r\n<p>Formular Vermittlungsauftrag <a href=\"https:\/\/www.immo-pade.at\/wp-content\/uploads\/2023\/12\/Vermittlungsauftrag-Pade-2024.pdf\" target=\"_blank\" rel=\"noopener\">&gt;hier klicken&lt;<\/a><\/p>\r\n<p>Formular Kaufanbot <a href=\"https:\/\/www.immo-pade.at\/wp-content\/uploads\/2023\/12\/Kaufanbot-Pade-2024.pdf\" target=\"_blank\" rel=\"noopener\">&gt;hier klicken&lt;<\/a><\/p>\r\n<p>&nbsp;<\/p>\r\n<p>&nbsp;<\/p>\r\n<p>&nbsp;<\/p>\r\n","protected":false},"excerpt":{"rendered":"<p>Hier finden Sie die \u00dcbersicht der Nebenkosten: F\u00fcr den Immobilienkauf &gt;hier klicken&lt; F\u00fcr die Immobilienmiete oder -pacht &gt;hier klicken&lt; &nbsp; Formular Vermittlungsauftrag &gt;hier klicken&lt; Formular Kaufanbot &gt;hier klicken&lt; &nbsp; &nbsp; &nbsp;<\/p>\n","protected":false},"author":1,"featured_media":0,"parent":0,"menu_order":0,"comment_status":"closed","ping_status":"closed","template":"","meta":{"footnotes":""},"class_list":["post-15890","page","type-page","status-publish","hentry"],"_links":{"self":[{"href":"https:\/\/www.immo-pade.at\/index.php?rest_route=\/wp\/v2\/pages\/15890","targetHints":{"allow":["GET"]}}],"collection":[{"href":"https:\/\/www.immo-pade.at\/index.php?rest_route=\/wp\/v2\/pages"}],"about":[{"href":"https:\/\/www.immo-pade.at\/index.php?rest_route=\/wp\/v2\/types\/page"}],"author":[{"embeddable":true,"href":"https:\/\/www.immo-pade.at\/index.php?rest_route=\/wp\/v2\/users\/1"}],"replies":[{"embeddable":true,"href":"https:\/\/www.immo-pade.at\/index.php?rest_route=%2Fwp%2Fv2%2Fcomments&post=15890"}],"version-history":[{"count":8,"href":"https:\/\/www.immo-pade.at\/index.php?rest_route=\/wp\/v2\/pages\/15890\/revisions"}],"predecessor-version":[{"id":16128,"href":"https:\/\/www.immo-pade.at\/index.php?rest_route=\/wp\/v2\/pages\/15890\/revisions\/16128"}],"wp:attachment":[{"href":"https:\/\/www.immo-pade.at\/index.php?rest_route=%2Fwp%2Fv2%2Fmedia&parent=15890"}],"curies":[{"name":"wp","href":"https:\/\/api.w.org\/{rel}","templated":true}]}}