{"id":651,"date":"2021-02-23T08:30:06","date_gmt":"2021-02-23T08:30:06","guid":{"rendered":"https:\/\/plpnew.wplistingthemes.com\/?page_id=651"},"modified":"2023-10-30T13:57:37","modified_gmt":"2023-10-30T12:57:37","slug":"about-us-1","status":"publish","type":"page","link":"https:\/\/www.immo-pade.at\/?page_id=651","title":{"rendered":"\u00dcber mich"},"content":{"rendered":"\t\t<div data-elementor-type=\"wp-page\" data-elementor-id=\"651\" class=\"elementor elementor-651\">\n\t\t\t\t\t\t<section class=\"elementor-section elementor-top-section elementor-element elementor-element-7c106079 elementor-section-stretched elementor-section-content-middle sl-parallax elementor-section-boxed elementor-section-height-default elementor-section-height-default\" data-id=\"7c106079\" data-element_type=\"section\" data-settings=\"{&quot;stretch_section&quot;:&quot;section-stretched&quot;,&quot;background_background&quot;:&quot;classic&quot;}\">\n\t\t\t\t\t\t<div class=\"elementor-container elementor-column-gap-default\">\n\t\t\t\t\t<div class=\"elementor-column elementor-col-100 elementor-top-column elementor-element elementor-element-7758da1e\" data-id=\"7758da1e\" data-element_type=\"column\">\n\t\t\t<div class=\"elementor-widget-wrap elementor-element-populated\">\n\t\t\t\t\t\t<div class=\"elementor-element elementor-element-99c4496 elementor-invisible elementor-widget elementor-widget-heading\" data-id=\"99c4496\" data-element_type=\"widget\" data-settings=\"{&quot;_animation&quot;:&quot;fadeInUp&quot;}\" data-widget_type=\"heading.default\">\n\t\t\t\t<div class=\"elementor-widget-container\">\n\t\t\t\t\t<h2 class=\"elementor-heading-title elementor-size-default\">\u00dcber mich\n<\/h2>\t\t\t\t<\/div>\n\t\t\t\t<\/div>\n\t\t\t\t<div class=\"elementor-element elementor-element-6fb485b4 elementor-widget-divider--view-line_icon elementor-view-framed elementor-widget-divider--element-align-left elementor-widget elementor-widget-divider\" data-id=\"6fb485b4\" data-element_type=\"widget\" data-widget_type=\"divider.default\">\n\t\t\t\t<div class=\"elementor-widget-container\">\n\t\t\t\t\t\t\t<div class=\"elementor-divider\">\n\t\t\t<div class=\"elementor-divider-separator\">\n\t\t\t\t\t\t\t<div class=\"elementor-icon elementor-divider__element\">\n\t\t\t\t\t<i aria-hidden=\"true\" class=\"fas fa-square\"><\/i><\/div>\n\t\t\t\t\t\t<\/div>\n\t\t<\/div>\n\t\t\t\t\t\t<\/div>\n\t\t\t\t<\/div>\n\t\t\t\t<div class=\"elementor-element elementor-element-370e7e06 elementor-widget elementor-widget-text-editor\" data-id=\"370e7e06\" data-element_type=\"widget\" data-widget_type=\"text-editor.default\">\n\t\t\t\t<div class=\"elementor-widget-container\">\n\t\t\t\t\t\t\t\t\t<p class=\"MsoNormal\" style=\"margin-bottom: 0cm;\"><b><span lang=\"DE-AT\" style=\"font-size: 16.0pt; line-height: 115%; font-family: 'Arial',sans-serif;\">Irene Pade Immobilien &#8211; kompetent, zuverl\u00e4ssig und pers\u00f6nlich<\/span><\/b><\/p><p class=\"MsoNormal\" style=\"margin-bottom: 0cm;\"><b><span lang=\"DE-AT\" style=\"font-family: 'Arial',sans-serif;\">\u00a0<\/span><\/b><\/p><p class=\"MsoNormal\" style=\"margin-bottom: 0cm;\"><b><span lang=\"DE-AT\" style=\"font-family: 'Arial',sans-serif;\">Kundenzufriedenheit und Vertrauen stehen f\u00fcr Irene Pade an erster Stelle. Ein kleines aber feines Team garantiert Dynamik und Durchsetzungsst\u00e4rke. Die Immobilienprofis von Immobilien Pade arbeiten verantwortlich in gegenseitigem Respekt, handeln geradlinig und berechenbar.<\/span><\/b><\/p><p class=\"MsoNormal\" style=\"margin-bottom: 0cm;\"><span lang=\"DE-AT\" style=\"font-family: 'Arial',sans-serif;\">\u00a0<\/span><\/p><p class=\"MsoNormal\" style=\"margin-bottom: 0cm;\"><span lang=\"DE-AT\" style=\"font-family: 'Arial',sans-serif;\">Bereits vor \u00fcber 20 Jahren wagte sich Irene Pade in die Selbstst\u00e4ndigkeit. Mit ihrer jahrelangen Erfahrung, ihrer umfangreichen Fachausbildung und regelm\u00e4\u00dfigen Weiterbildungsma\u00dfnahmen bringt sie das notwendige R\u00fcstzeug f\u00fcr einen Immobilienprofi mit. \u201eVon Anfang an war es mein Ziel, unseren Kunden einen erkennbaren Mehrwert zu bieten und das geht nur durch Spezialisierung, optimale Qualifikation, Fachwissen und pers\u00f6nliche Beratung\u201c, so Irene Pade. Mit umfangreichen Know-how und einer guten Portion Kreativit\u00e4t werden optimale Vermarktungsstrategien f\u00fcr die Kunden erarbeitet und zielf\u00fchrend umgesetzt. \u201eAls Immobilienprofis kennen wir den Markt und wissen den erzielbaren Preis einzusch\u00e4tzen\u201c, so Irene Pade weiters.<\/span><\/p><p class=\"MsoNormal\" style=\"margin-bottom: 0cm;\"><span lang=\"DE-AT\" style=\"font-family: 'Arial',sans-serif;\">\u00a0<\/span><\/p><p class=\"MsoNormal\" style=\"margin-bottom: 0cm;\"><b><span lang=\"DE-AT\" style=\"font-family: 'Arial',sans-serif;\">Anspruchsvolle Immobilienvermittlung<\/span><\/b><\/p><p class=\"MsoNormal\" style=\"margin-bottom: 0cm;\"><span lang=\"DE-AT\" style=\"font-family: 'Arial',sans-serif;\">Immobilien Pade hat sich in den letzten Jahren auf den Verkauf und die Vermittlung von Immobilien spezialisiert. Dem kompetenten Team geht es vor allem um Pr\u00e4zision, Sorgfalt und Professionalit\u00e4t bei der Auftragsbearbeitung. \u201eWir stehen f\u00fcr einen hohen Anspruch bei der Immobilienvermittlung und Beratung\u201c, betont Irene Pade.<\/span><\/p><p class=\"MsoNormal\" style=\"margin-bottom: 0cm;\"><span lang=\"DE-AT\" style=\"font-family: 'Arial',sans-serif;\">\u00a0<\/span><\/p><p class=\"MsoNormal\" style=\"margin-bottom: 0cm;\"><b><span lang=\"DE-AT\" style=\"font-family: 'Arial',sans-serif;\">Zufriedene Kunden<\/span><\/b><\/p><p class=\"MsoNormal\" style=\"margin-bottom: 0cm;\"><span lang=\"DE-AT\" style=\"font-family: 'Arial',sans-serif;\">Der Erfolg des Unternehmens spiegelt sich in den zahlreichen zufriedenen Kundenstimmen wider. Irene Pade setzt gro\u00dfen Wert auf pers\u00f6nlichen Kontakt und einen direkten Austausch mit ihren Kunden. \u201eIn der Immobilienbranche z\u00e4hlt vor allem ein gutes Miteinander und das Vertrauen, dass man sich auf seinen Ansprechpartner verlassen kann. Eine umfassende und kompetente Beratung ist der erste Schritt zu zufriedenen Kunden\u201c, unterstreicht Irene Pade. Ein weiterer wichtiger Bestandteil ist das Immobilien-Expos\u00e9 mit bestm\u00f6glicher textlicher und optischer Gestaltung. Viel Energie wird in die Vermarktung gelegt. Dazu geh\u00f6ren neben besonderen Marketingma\u00dfnahmen, die prompte Bearbeitung aller Anfragen sowie die Unterst\u00fctzung bei Finanzierungsfragen und Vertragsabwicklungen. <\/span><\/p><p>\u00a0<\/p><p class=\"MsoNormal\" style=\"margin-bottom: 0cm;\"><span lang=\"DE-AT\" style=\"font-family: 'Arial',sans-serif;\">F\u00fcr Irene Pade ist die Nachbetreuung eine Selbstverst\u00e4ndlichkeit und auch nach Vertragsabschluss steht man den Kunden stets mit Rat und Tat zur Seite.<\/span><\/p><p class=\"MsoNormal\" style=\"margin-bottom: 0cm;\"><span lang=\"DE-AT\" style=\"font-family: 'Arial',sans-serif;\">\u00a0<\/span><\/p><p class=\"MsoNormal\" style=\"margin-bottom: 0cm;\"><span lang=\"DE-AT\" style=\"font-family: 'Arial',sans-serif;\">\u00a0<\/span><\/p>\t\t\t\t\t\t\t\t<\/div>\n\t\t\t\t<\/div>\n\t\t\t\t<div class=\"elementor-element elementor-element-b4fc4b4 elementor-position-top elementor-widget elementor-widget-image-box\" data-id=\"b4fc4b4\" data-element_type=\"widget\" data-widget_type=\"image-box.default\">\n\t\t\t\t<div class=\"elementor-widget-container\">\n\t\t\t\t\t<div class=\"elementor-image-box-wrapper\"><figure class=\"elementor-image-box-img\"><img fetchpriority=\"high\" decoding=\"async\" width=\"2126\" height=\"1535\" src=\"https:\/\/www.immo-pade.at\/wp-content\/uploads\/2023\/09\/Pade-Irene-021R13x18.jpg\" class=\"attachment-full size-full wp-image-15933\" alt=\"\" srcset=\"https:\/\/www.immo-pade.at\/wp-content\/uploads\/2023\/09\/Pade-Irene-021R13x18.jpg 2126w, https:\/\/www.immo-pade.at\/wp-content\/uploads\/2023\/09\/Pade-Irene-021R13x18-300x217.jpg 300w, https:\/\/www.immo-pade.at\/wp-content\/uploads\/2023\/09\/Pade-Irene-021R13x18-1024x739.jpg 1024w, https:\/\/www.immo-pade.at\/wp-content\/uploads\/2023\/09\/Pade-Irene-021R13x18-768x555.jpg 768w, https:\/\/www.immo-pade.at\/wp-content\/uploads\/2023\/09\/Pade-Irene-021R13x18-1536x1109.jpg 1536w, https:\/\/www.immo-pade.at\/wp-content\/uploads\/2023\/09\/Pade-Irene-021R13x18-2048x1479.jpg 2048w, https:\/\/www.immo-pade.at\/wp-content\/uploads\/2023\/09\/Pade-Irene-021R13x18-600x433.jpg 600w\" sizes=\"(max-width: 2126px) 100vw, 2126px\" \/><\/figure><\/div>\t\t\t\t<\/div>\n\t\t\t\t<\/div>\n\t\t\t\t\t<\/div>\n\t\t<\/div>\n\t\t\t\t\t<\/div>\n\t\t<\/section>\n\t\t\t\t<section class=\"elementor-section elementor-top-section elementor-element elementor-element-6cf8b3c6 elementor-section-full_width elementor-section-stretched elementor-section-height-default elementor-section-height-default\" data-id=\"6cf8b3c6\" data-element_type=\"section\" data-settings=\"{&quot;stretch_section&quot;:&quot;section-stretched&quot;,&quot;background_background&quot;:&quot;classic&quot;}\">\n\t\t\t\t\t\t<div class=\"elementor-container elementor-column-gap-no\">\n\t\t\t\t\t<div class=\"elementor-column elementor-col-100 elementor-top-column elementor-element elementor-element-2e961a06\" data-id=\"2e961a06\" data-element_type=\"column\">\n\t\t\t<div class=\"elementor-widget-wrap elementor-element-populated\">\n\t\t\t\t\t\t<section class=\"elementor-section elementor-inner-section elementor-element elementor-element-3c57a392 elementor-section-boxed elementor-section-height-default elementor-section-height-default\" data-id=\"3c57a392\" data-element_type=\"section\">\n\t\t\t\t\t\t<div class=\"elementor-container elementor-column-gap-default\">\n\t\t\t\t\t<div class=\"elementor-column elementor-col-33 elementor-inner-column elementor-element elementor-element-7fa9da76\" data-id=\"7fa9da76\" data-element_type=\"column\">\n\t\t\t<div class=\"elementor-widget-wrap elementor-element-populated\">\n\t\t\t\t\t\t<div class=\"elementor-element elementor-element-382f05ca elementor-widget elementor-widget-luxus-info-box\" data-id=\"382f05ca\" data-element_type=\"widget\" data-settings=\"{&quot;_animation&quot;:&quot;none&quot;}\" data-widget_type=\"luxus-info-box.default\">\n\t\t\t\t<div class=\"elementor-widget-container\">\n\t\t\t\t\t\t\t\t<div class=\"sl-info-box-container\">\n\t\t\t\n<div class=\"sl-info-box info-box-one\"> \n        \n        <div class=\"icon\">\n\n            <i aria-hidden=\"true\" class=\"sl-icons sl-target-arrow\"><\/i>\n        <\/div>\n    \n    <div class=\"content\">\n        <h2 class=\"title\">Unsere Vision<\/h2>\n        <p class=\"text\">TEXT<\/p>\n           \n    <\/div>\n<\/div>\t\t\t<\/div>\n    \t\t\t\t\t<\/div>\n\t\t\t\t<\/div>\n\t\t\t\t\t<\/div>\n\t\t<\/div>\n\t\t\t\t<div class=\"elementor-column elementor-col-33 elementor-inner-column elementor-element elementor-element-77bcdd5d\" data-id=\"77bcdd5d\" data-element_type=\"column\">\n\t\t\t<div class=\"elementor-widget-wrap elementor-element-populated\">\n\t\t\t\t\t\t<div class=\"elementor-element elementor-element-40acf849 elementor-widget elementor-widget-luxus-info-box\" data-id=\"40acf849\" data-element_type=\"widget\" data-settings=\"{&quot;_animation&quot;:&quot;none&quot;}\" data-widget_type=\"luxus-info-box.default\">\n\t\t\t\t<div class=\"elementor-widget-container\">\n\t\t\t\t\t\t\t\t<div class=\"sl-info-box-container\">\n\t\t\t\n<div class=\"sl-info-box info-box-one\"> \n        \n        <div class=\"icon\">\n\n            <i aria-hidden=\"true\" class=\"sl-icons sl-success-star\"><\/i>\n        <\/div>\n    \n    <div class=\"content\">\n        <h2 class=\"title\">Unsere Ziele<\/h2>\n        <p class=\"text\">TEXT<\/p>\n           \n    <\/div>\n<\/div>\t\t\t<\/div>\n    \t\t\t\t\t<\/div>\n\t\t\t\t<\/div>\n\t\t\t\t\t<\/div>\n\t\t<\/div>\n\t\t\t\t<div class=\"elementor-column elementor-col-33 elementor-inner-column elementor-element elementor-element-3d0461f0\" data-id=\"3d0461f0\" data-element_type=\"column\">\n\t\t\t<div class=\"elementor-widget-wrap elementor-element-populated\">\n\t\t\t\t\t\t<div class=\"elementor-element elementor-element-285c42eb elementor-widget elementor-widget-luxus-info-box\" data-id=\"285c42eb\" data-element_type=\"widget\" data-widget_type=\"luxus-info-box.default\">\n\t\t\t\t<div class=\"elementor-widget-container\">\n\t\t\t\t\t\t\t\t<div class=\"sl-info-box-container\">\n\t\t\t\n<div class=\"sl-info-box info-box-one\"> \n        \n        <div class=\"icon\">\n\n            <i aria-hidden=\"true\" class=\"sl-icons sl-love-trust\"><\/i>\n        <\/div>\n    \n    <div class=\"content\">\n        <h2 class=\"title\">Unsere Mission<\/h2>\n        <p class=\"text\">TEXT<\/p>\n           \n    <\/div>\n<\/div>\t\t\t<\/div>\n    \t\t\t\t\t<\/div>\n\t\t\t\t<\/div>\n\t\t\t\t\t<\/div>\n\t\t<\/div>\n\t\t\t\t\t<\/div>\n\t\t<\/section>\n\t\t\t\t\t<\/div>\n\t\t<\/div>\n\t\t\t\t\t<\/div>\n\t\t<\/section>\n\t\t\t\t<section class=\"elementor-section elementor-top-section elementor-element elementor-element-4c550302 elementor-section-stretched elementor-section-full_width elementor-section-height-default elementor-section-height-default\" data-id=\"4c550302\" data-element_type=\"section\" data-settings=\"{&quot;stretch_section&quot;:&quot;section-stretched&quot;,&quot;background_background&quot;:&quot;classic&quot;}\">\n\t\t\t\t\t\t<div class=\"elementor-container elementor-column-gap-default\">\n\t\t\t\t\t<div class=\"elementor-column elementor-col-100 elementor-top-column elementor-element elementor-element-31ec9f6\" data-id=\"31ec9f6\" data-element_type=\"column\">\n\t\t\t<div class=\"elementor-widget-wrap\">\n\t\t\t\t\t\t\t<\/div>\n\t\t<\/div>\n\t\t\t\t\t<\/div>\n\t\t<\/section>\n\t\t\t\t<\/div>\n\t\t","protected":false},"excerpt":{"rendered":"<p>\u00dcber mich Irene Pade Immobilien &#8211; kompetent, zuverl\u00e4ssig und pers\u00f6nlich \u00a0 Kundenzufriedenheit und Vertrauen stehen f\u00fcr Irene Pade an erster Stelle. Ein kleines aber feines Team garantiert Dynamik und Durchsetzungsst\u00e4rke. Die Immobilienprofis von Immobilien Pade arbeiten verantwortlich in gegenseitigem Respekt, handeln geradlinig und berechenbar. \u00a0 Bereits vor \u00fcber 20 Jahren wagte sich Irene Pade in [&hellip;]<\/p>\n","protected":false},"author":1,"featured_media":0,"parent":0,"menu_order":0,"comment_status":"closed","ping_status":"closed","template":"","meta":{"footnotes":""},"class_list":["post-651","page","type-page","status-publish","hentry"],"_links":{"self":[{"href":"https:\/\/www.immo-pade.at\/index.php?rest_route=\/wp\/v2\/pages\/651","targetHints":{"allow":["GET"]}}],"collection":[{"href":"https:\/\/www.immo-pade.at\/index.php?rest_route=\/wp\/v2\/pages"}],"about":[{"href":"https:\/\/www.immo-pade.at\/index.php?rest_route=\/wp\/v2\/types\/page"}],"author":[{"embeddable":true,"href":"https:\/\/www.immo-pade.at\/index.php?rest_route=\/wp\/v2\/users\/1"}],"replies":[{"embeddable":true,"href":"https:\/\/www.immo-pade.at\/index.php?rest_route=%2Fwp%2Fv2%2Fcomments&post=651"}],"version-history":[{"count":29,"href":"https:\/\/www.immo-pade.at\/index.php?rest_route=\/wp\/v2\/pages\/651\/revisions"}],"predecessor-version":[{"id":15995,"href":"https:\/\/www.immo-pade.at\/index.php?rest_route=\/wp\/v2\/pages\/651\/revisions\/15995"}],"wp:attachment":[{"href":"https:\/\/www.immo-pade.at\/index.php?rest_route=%2Fwp%2Fv2%2Fmedia&parent=651"}],"curies":[{"name":"wp","href":"https:\/\/api.w.org\/{rel}","templated":true}]}}